{"id":9,"date":"2019-11-11T09:58:02","date_gmt":"2019-11-11T08:58:02","guid":{"rendered":"https:\/\/advent.wernli.ch\/?page_id=9"},"modified":"2022-11-24T08:51:55","modified_gmt":"2022-11-24T07:51:55","slug":"landing","status":"publish","type":"page","link":"https:\/\/advent.wernli.ch\/fr\/","title":{"rendered":"Landing"},"content":{"rendered":"<p>Hello<\/p>\n","protected":false},"excerpt":{"rendered":"<p>Hello<\/p>\n","protected":false},"author":1,"featured_media":0,"parent":0,"menu_order":0,"comment_status":"open","ping_status":"closed","template":"templates\/landing.php","meta":[],"acf":{"form_firstname":"Ton pr\u00e9nom (public)","form_email":"Ton e-mail (non public)","follow":"Tu peux suivre notre Tour de l\u2019Avent ici d\u00e8s le 1er\u00a0d\u00e9cembre:","date":{"before":"Plus que","datum":"2022-10-31 00:00:00","nachher":"jours","letzter_tag":"Bient\u00f4t le d\u00e9part !"},"about_intro":"Tout au long de la p\u00e9riode de l\u2019Avent, Wernli va parcourir la Suisse et couvrir les gens de cadeaux l\u00e0 o\u00f9 ils se sentent chez eux.","about_more":"Envoyer sa propre suggestion","title":"Tour de l'Avent Wernli 2022","proposal_from":"de","impressum":"Impressum","datenschutz":"Protection des donn\u00e9es","formular_zeichen":"Signes","impressum_link":"https:\/\/www.wernli.ch\/fr\/special_pages\/mentions_legales_conditions_dutilisation\/","kontakt":"Contact","kontakt_link":"","agb":"CGV","agb_link":"\/fr\/teilnahmebedingungen\/","form_gemeinde":"Pourquoi devrions-nous absolument nous arr\u00eater dans cette commune?","countdown_gewinner":"Les communes qui l\u2019ont emport\u00e9 sont connues!","likes_filter":"Trier par likes","alphabetisch_filter":"Trier par ordre alphab\u00e9tique","in_kurze":"Nous allons bient\u00f4t publier les dates et les communes de notre Tour de l\u2019Avent 2022. Suis-nous sur les r\u00e9seaux sociaux pour tout savoir:","tour_anstehend":"Les prochaines dates du Tour","tour_vergangen":"Les dates de tourn\u00e9e pass\u00e9es","tour_titel":"Merci,","lightbox":{"titel":"Ta proposition","subline":"Dans quelle commune devons-nous faire \u00e9tape?","gemeinde":"Commune","bereits_nominiert":"d\u00e9j\u00e0 nomin\u00e9s","agbs":"Conditions g\u00e9n\u00e9rales","bestatigen":"confirmer","vorschlag_einreichen":"Envoyer une suggestion","herzlichen_dank":"Merci beaucoup!","danke_text":"Ta proposition nous est parvenue.<br>Avec le code <span class=\"text_red\">Wernli2022Adventstour<\/span>, tu re\u00e7ois 3 CHF. de r\u00e9duction dans notre boutique en ligne pour une bo\u00eete de No\u00ebl personnalis\u00e9e \"Mon Design\" - ton cadeau de No\u00ebl id\u00e9al!","zum_shop":"Vers la shop"},"eigenen_vorschlag_einreichen":"Soumettre sa propre proposition","karte_anzeigen":"Montrer la carte"},"yoast_head":"<!-- This site is optimized with the Yoast SEO plugin v19.7.2 - https:\/\/yoast.com\/wordpress\/plugins\/seo\/ -->\n<title>Tour Wernli de l&#039;Advent, le calendrier du partage<\/title>\n<meta name=\"description\" content=\"Tout au long de la p\u00e9riode de l\u2019Avent, Wernli va parcourir la Suisse et couvrir les gens de cadeaux l\u00e0 o\u00f9 ils se sentent chez eux. Envoyer sa propre suggestion!\" \/>\n<meta name=\"robots\" content=\"index, follow, max-snippet:-1, max-image-preview:large, max-video-preview:-1\" \/>\n<link rel=\"canonical\" href=\"https:\/\/advent.wernli.ch\/fr\/\" \/>\n<meta property=\"og:locale\" content=\"fr_FR\" \/>\n<meta property=\"og:type\" content=\"article\" \/>\n<meta property=\"og:title\" content=\"Tour Wernli de l&#039;Advent, le calendrier du partage\" \/>\n<meta property=\"og:description\" content=\"Tout au long de la p\u00e9riode de l\u2019Avent, Wernli va parcourir la Suisse et couvrir les gens de cadeaux l\u00e0 o\u00f9 ils se sentent chez eux. Envoyer sa propre suggestion!\" \/>\n<meta property=\"og:url\" content=\"https:\/\/advent.wernli.ch\/fr\/\" \/>\n<meta property=\"article:publisher\" content=\"https:\/\/de-de.facebook.com\/wernlibiscuits\/\" \/>\n<meta property=\"article:modified_time\" content=\"2022-11-24T07:51:55+00:00\" \/>\n<meta name=\"twitter:card\" content=\"summary_large_image\" \/>\n<meta name=\"twitter:label1\" content=\"Dur\u00e9e de lecture estim\u00e9e\" \/>\n\t<meta name=\"twitter:data1\" content=\"1 minute\" \/>\n<script type=\"application\/ld+json\" class=\"yoast-schema-graph\">{\"@context\":\"https:\/\/schema.org\",\"@graph\":[{\"@type\":\"WebPage\",\"@id\":\"https:\/\/advent.wernli.ch\/fr\/\",\"url\":\"https:\/\/advent.wernli.ch\/fr\/\",\"name\":\"Tour Wernli de l'Advent, le calendrier du partage\",\"isPartOf\":{\"@id\":\"https:\/\/advent.wernli.ch\/fr\/#website\"},\"datePublished\":\"2019-11-11T08:58:02+00:00\",\"dateModified\":\"2022-11-24T07:51:55+00:00\",\"description\":\"Tout au long de la p\u00e9riode de l\u2019Avent, Wernli va parcourir la Suisse et couvrir les gens de cadeaux l\u00e0 o\u00f9 ils se sentent chez eux. Envoyer sa propre suggestion!\",\"breadcrumb\":{\"@id\":\"https:\/\/advent.wernli.ch\/fr\/#breadcrumb\"},\"inLanguage\":\"fr-FR\",\"potentialAction\":[{\"@type\":\"ReadAction\",\"target\":[[\"https:\/\/advent.wernli.ch\/fr\/\"]]}]},{\"@type\":\"BreadcrumbList\",\"@id\":\"https:\/\/advent.wernli.ch\/fr\/#breadcrumb\",\"itemListElement\":[{\"@type\":\"ListItem\",\"position\":1,\"name\":\"Landing\"}]},{\"@type\":\"WebSite\",\"@id\":\"https:\/\/advent.wernli.ch\/fr\/#website\",\"url\":\"https:\/\/advent.wernli.ch\/fr\/\",\"name\":\"\",\"description\":\"\",\"potentialAction\":[{\"@type\":\"SearchAction\",\"target\":{\"@type\":\"EntryPoint\",\"urlTemplate\":\"https:\/\/advent.wernli.ch\/fr\/?s={search_term_string}\"},\"query-input\":\"required name=search_term_string\"}],\"inLanguage\":\"fr-FR\"}]}<\/script>\n<!-- \/ Yoast SEO plugin. -->","yoast_head_json":{"title":"Tour Wernli de l'Advent, le calendrier du partage","description":"Tout au long de la p\u00e9riode de l\u2019Avent, Wernli va parcourir la Suisse et couvrir les gens de cadeaux l\u00e0 o\u00f9 ils se sentent chez eux. Envoyer sa propre suggestion!","robots":{"index":"index","follow":"follow","max-snippet":"max-snippet:-1","max-image-preview":"max-image-preview:large","max-video-preview":"max-video-preview:-1"},"canonical":"https:\/\/advent.wernli.ch\/fr\/","og_locale":"fr_FR","og_type":"article","og_title":"Tour Wernli de l'Advent, le calendrier du partage","og_description":"Tout au long de la p\u00e9riode de l\u2019Avent, Wernli va parcourir la Suisse et couvrir les gens de cadeaux l\u00e0 o\u00f9 ils se sentent chez eux. Envoyer sa propre suggestion!","og_url":"https:\/\/advent.wernli.ch\/fr\/","article_publisher":"https:\/\/de-de.facebook.com\/wernlibiscuits\/","article_modified_time":"2022-11-24T07:51:55+00:00","twitter_card":"summary_large_image","twitter_misc":{"Dur\u00e9e de lecture estim\u00e9e":"1 minute"},"schema":{"@context":"https:\/\/schema.org","@graph":[{"@type":"WebPage","@id":"https:\/\/advent.wernli.ch\/fr\/","url":"https:\/\/advent.wernli.ch\/fr\/","name":"Tour Wernli de l'Advent, le calendrier du partage","isPartOf":{"@id":"https:\/\/advent.wernli.ch\/fr\/#website"},"datePublished":"2019-11-11T08:58:02+00:00","dateModified":"2022-11-24T07:51:55+00:00","description":"Tout au long de la p\u00e9riode de l\u2019Avent, Wernli va parcourir la Suisse et couvrir les gens de cadeaux l\u00e0 o\u00f9 ils se sentent chez eux. Envoyer sa propre suggestion!","breadcrumb":{"@id":"https:\/\/advent.wernli.ch\/fr\/#breadcrumb"},"inLanguage":"fr-FR","potentialAction":[{"@type":"ReadAction","target":[["https:\/\/advent.wernli.ch\/fr\/"]]}]},{"@type":"BreadcrumbList","@id":"https:\/\/advent.wernli.ch\/fr\/#breadcrumb","itemListElement":[{"@type":"ListItem","position":1,"name":"Landing"}]},{"@type":"WebSite","@id":"https:\/\/advent.wernli.ch\/fr\/#website","url":"https:\/\/advent.wernli.ch\/fr\/","name":"","description":"","potentialAction":[{"@type":"SearchAction","target":{"@type":"EntryPoint","urlTemplate":"https:\/\/advent.wernli.ch\/fr\/?s={search_term_string}"},"query-input":"required name=search_term_string"}],"inLanguage":"fr-FR"}]}},"_links":{"self":[{"href":"https:\/\/advent.wernli.ch\/fr\/wp-json\/wp\/v2\/pages\/9"}],"collection":[{"href":"https:\/\/advent.wernli.ch\/fr\/wp-json\/wp\/v2\/pages"}],"about":[{"href":"https:\/\/advent.wernli.ch\/fr\/wp-json\/wp\/v2\/types\/page"}],"author":[{"embeddable":true,"href":"https:\/\/advent.wernli.ch\/fr\/wp-json\/wp\/v2\/users\/1"}],"replies":[{"embeddable":true,"href":"https:\/\/advent.wernli.ch\/fr\/wp-json\/wp\/v2\/comments?post=9"}],"version-history":[{"count":105,"href":"https:\/\/advent.wernli.ch\/fr\/wp-json\/wp\/v2\/pages\/9\/revisions"}],"predecessor-version":[{"id":337,"href":"https:\/\/advent.wernli.ch\/fr\/wp-json\/wp\/v2\/pages\/9\/revisions\/337"}],"wp:attachment":[{"href":"https:\/\/advent.wernli.ch\/fr\/wp-json\/wp\/v2\/media?parent=9"}],"curies":[{"name":"wp","href":"https:\/\/api.w.org\/{rel}","templated":true}]}}