{"id":146,"date":"2020-11-05T11:24:16","date_gmt":"2020-11-05T10:24:16","guid":{"rendered":"https:\/\/advent.wernli.ch\/?page_id=146"},"modified":"2022-10-05T16:02:56","modified_gmt":"2022-10-05T14:02:56","slug":"teilnahmebedingungen","status":"publish","type":"page","link":"https:\/\/advent.wernli.ch\/fr\/teilnahmebedingungen\/","title":{"rendered":"Teilnahmebedingungen"},"content":{"rendered":"<p><\/p>\n<h1>Conditions de participation<\/h1>\n<h3>Promo \u00abTour Wernli de l&rsquo;Avent\u00bb<\/h3>\n<p>Avec le \u00abTour Wernli de l&rsquo;Avent\u00bb, Wernli souhaite offrir des cadeaux aux gens l\u00e0 o\u00f9 ils se sentent chez eux. Sur les canaux de m\u00e9dias sociaux, Wernli appelle \u00e0 envoyer sur une micropage des propositions de lieux o\u00f9 Wernli devra effectuer des samplings au cours du mois de d\u00e9cembre. Wernli choisit parmi les propositions les lieux o\u00f9 un sampling est r\u00e9alisable et publie le \u00ab\u00a0plan de tourn\u00e9e\u00a0\u00bb sur la micropage apr\u00e8s une phase d&rsquo;organisation.<br \/>\nLa participation \u00e0 la promotion se fait via la page <a href=\"https:\/\/24.wernli.ch\">24.wernli.ch<\/a>.<\/p>\n<p>Le d\u00e9lai de soumission est le 31 octobre 2022 \u00e0 24 heures (HEC). HUG SA se r\u00e9serve le droit d&rsquo;organiser le plan des tourn\u00e9es en fonction de la faisabilit\u00e9 et des autorisations d&rsquo;\u00e9chantillonnage. Le bouton Like peut \u00eatre consult\u00e9 comme indicateur pendant la phase d&rsquo;organisation, mais il n&rsquo;est pas d\u00e9terminant pour le choix des communes. Il n&rsquo;y a pas d&rsquo;obligation d&rsquo;achat, la participation est gratuite. Les participations multiples avec des communes diff\u00e9rentes sont autoris\u00e9es. Chaque proposition ne peut toutefois gagner qu&rsquo;une seule fois. Aucune correspondance ne sera \u00e9chang\u00e9e au sujet de la participation. La voie juridique est exclue.<\/p>\n<p>Les participants lib\u00e8rent la soci\u00e9t\u00e9 HUG AG de toute pr\u00e9tention \u00e9ventuelle. Les donn\u00e9es saisies sont utilis\u00e9es exclusivement pour le d\u00e9roulement de la promotion et pour d&rsquo;\u00e9ventuelles demandes de pr\u00e9cisions et ne sont pas transmises \u00e0 des tiers ou trait\u00e9es d&rsquo;une autre mani\u00e8re.<\/p>\n<p>Les propositions dont le contenu est immoral, pornographique, politique, raciste, religieux ou autrement choquant ne sont pas autoris\u00e9es et sont exclues de la participation. Il en va de m\u00eame pour les contributions soup\u00e7onn\u00e9es de porter atteinte aux droits de tiers. HUG AG se r\u00e9serve le droit de scruter les inscriptions sur le site \u00abTour Wernli de l&rsquo;Avent\u00bb avant leur publication ou de les supprimer apr\u00e8s leur publication, sans notification ni justification, si ces inscriptions sont soup\u00e7onn\u00e9es d&rsquo;enfreindre les conditions de participation.<\/p>\n<p>La soci\u00e9t\u00e9 HUG AG se r\u00e9serve le droit d&rsquo;engager des poursuites judiciaires en cas d&rsquo;infraction. La responsabilit\u00e9 de HUG AG en cas de d\u00e9faillance ou d&rsquo;annulation de l&rsquo;\u00e9chantillonnage est exclue. HUG AG se r\u00e9serve le droit d&rsquo;exclure des participants de la promotion sans notification ni justification en cas de suspicion de fausses d\u00e9clarations, de manipulations ou d&rsquo;utilisation d&rsquo;outils d\u00e9loyaux.<\/p>\n<p>Cette promotion n&rsquo;a aucun lien avec Facebook et n&rsquo;est en aucun cas sponsoris\u00e9e, soutenue ou organis\u00e9e par Facebook. Facebook n&rsquo;est responsable d&rsquo;aucun des contenus publi\u00e9s dans le cadre de cette promotion. Le destinataire des informations fournies par le participant n&rsquo;est pas Facebook, mais l&rsquo;organisateur de la promotion. Les participants d\u00e9gagent Facebook de toute responsabilit\u00e9 en cas de r\u00e9clamation li\u00e9e \u00e0 cette promotion.<\/p>\n<p>Toutes les questions, commentaires ou plaintes concernant la promotion doivent \u00eatre adress\u00e9s \u00e0 HUG AG \u00e0 l&rsquo;adresse <a href=\"mailto:info@wernli.ch\">info@wernli.ch<\/a>.<\/p>\n<p>HUG AG se r\u00e9serve le droit de modifier \u00e0 tout moment les conditions de participation ou d&rsquo;interrompre la promotion pour des raisons importantes. Une interruption pour raison importante peut notamment avoir lieu lorsqu&rsquo;une ex\u00e9cution correcte de la promotion ne peut plus \u00eatre garantie pour des raisons techniques ou juridiques. Le lieu de juridiction est Malters. Le droit suisse est applicable.<\/p>\n<p>Malters, le 5 octobre 2022<\/p>\n<p>&nbsp;<\/p>","protected":false},"excerpt":{"rendered":"<p>Conditions de participation Promo \u00abTour Wernli de l&rsquo;Avent\u00bb Avec le \u00abTour Wernli de l&rsquo;Avent\u00bb, Wernli souhaite offrir des cadeaux aux gens l\u00e0 o\u00f9 ils se sentent chez eux. Sur les canaux de m\u00e9dias sociaux, Wernli appelle \u00e0 envoyer sur une micropage des propositions de lieux o\u00f9 Wernli devra effectuer des samplings au cours du mois [&hellip;]<\/p>\n","protected":false},"author":2,"featured_media":0,"parent":0,"menu_order":0,"comment_status":"closed","ping_status":"closed","template":"","meta":[],"acf":false,"yoast_head":"<!-- This site is optimized with the Yoast SEO plugin v19.7.2 - https:\/\/yoast.com\/wordpress\/plugins\/seo\/ -->\n<title>Teilnahmebedingungen -<\/title>\n<meta name=\"robots\" content=\"noindex, nofollow\" \/>\n<meta property=\"og:locale\" content=\"fr_FR\" \/>\n<meta property=\"og:type\" content=\"article\" \/>\n<meta property=\"og:title\" content=\"Teilnahmebedingungen -\" \/>\n<meta property=\"og:description\" content=\"Conditions de participation Promo \u00abTour Wernli de l&rsquo;Avent\u00bb Avec le \u00abTour Wernli de l&rsquo;Avent\u00bb, Wernli souhaite offrir des cadeaux aux gens l\u00e0 o\u00f9 ils se sentent chez eux. Sur les canaux de m\u00e9dias sociaux, Wernli appelle \u00e0 envoyer sur une micropage des propositions de lieux o\u00f9 Wernli devra effectuer des samplings au cours du mois [&hellip;]\" \/>\n<meta property=\"og:url\" content=\"https:\/\/advent.wernli.ch\/fr\/teilnahmebedingungen\/\" \/>\n<meta property=\"article:publisher\" content=\"https:\/\/de-de.facebook.com\/wernlibiscuits\/\" \/>\n<meta property=\"article:modified_time\" content=\"2022-10-05T14:02:56+00:00\" \/>\n<meta name=\"twitter:card\" content=\"summary_large_image\" \/>\n<meta name=\"twitter:label1\" content=\"Dur\u00e9e de lecture estim\u00e9e\" \/>\n\t<meta name=\"twitter:data1\" content=\"3 minutes\" \/>\n<script type=\"application\/ld+json\" class=\"yoast-schema-graph\">{\"@context\":\"https:\/\/schema.org\",\"@graph\":[{\"@type\":\"WebPage\",\"@id\":\"https:\/\/advent.wernli.ch\/fr\/teilnahmebedingungen\/\",\"url\":\"https:\/\/advent.wernli.ch\/fr\/teilnahmebedingungen\/\",\"name\":\"Teilnahmebedingungen -\",\"isPartOf\":{\"@id\":\"https:\/\/advent.wernli.ch\/fr\/#website\"},\"datePublished\":\"2020-11-05T10:24:16+00:00\",\"dateModified\":\"2022-10-05T14:02:56+00:00\",\"breadcrumb\":{\"@id\":\"https:\/\/advent.wernli.ch\/fr\/teilnahmebedingungen\/#breadcrumb\"},\"inLanguage\":\"fr-FR\",\"potentialAction\":[{\"@type\":\"ReadAction\",\"target\":[[\"https:\/\/advent.wernli.ch\/fr\/teilnahmebedingungen\/\"]]}]},{\"@type\":\"BreadcrumbList\",\"@id\":\"https:\/\/advent.wernli.ch\/fr\/teilnahmebedingungen\/#breadcrumb\",\"itemListElement\":[{\"@type\":\"ListItem\",\"position\":1,\"name\":\"Teilnahmebedingungen\"}]},{\"@type\":\"WebSite\",\"@id\":\"https:\/\/advent.wernli.ch\/fr\/#website\",\"url\":\"https:\/\/advent.wernli.ch\/fr\/\",\"name\":\"\",\"description\":\"\",\"potentialAction\":[{\"@type\":\"SearchAction\",\"target\":{\"@type\":\"EntryPoint\",\"urlTemplate\":\"https:\/\/advent.wernli.ch\/fr\/?s={search_term_string}\"},\"query-input\":\"required name=search_term_string\"}],\"inLanguage\":\"fr-FR\"}]}<\/script>\n<!-- \/ Yoast SEO plugin. -->","yoast_head_json":{"title":"Teilnahmebedingungen -","robots":{"index":"noindex","follow":"nofollow"},"og_locale":"fr_FR","og_type":"article","og_title":"Teilnahmebedingungen -","og_description":"Conditions de participation Promo \u00abTour Wernli de l&rsquo;Avent\u00bb Avec le \u00abTour Wernli de l&rsquo;Avent\u00bb, Wernli souhaite offrir des cadeaux aux gens l\u00e0 o\u00f9 ils se sentent chez eux. Sur les canaux de m\u00e9dias sociaux, Wernli appelle \u00e0 envoyer sur une micropage des propositions de lieux o\u00f9 Wernli devra effectuer des samplings au cours du mois [&hellip;]","og_url":"https:\/\/advent.wernli.ch\/fr\/teilnahmebedingungen\/","article_publisher":"https:\/\/de-de.facebook.com\/wernlibiscuits\/","article_modified_time":"2022-10-05T14:02:56+00:00","twitter_card":"summary_large_image","twitter_misc":{"Dur\u00e9e de lecture estim\u00e9e":"3 minutes"},"schema":{"@context":"https:\/\/schema.org","@graph":[{"@type":"WebPage","@id":"https:\/\/advent.wernli.ch\/fr\/teilnahmebedingungen\/","url":"https:\/\/advent.wernli.ch\/fr\/teilnahmebedingungen\/","name":"Teilnahmebedingungen -","isPartOf":{"@id":"https:\/\/advent.wernli.ch\/fr\/#website"},"datePublished":"2020-11-05T10:24:16+00:00","dateModified":"2022-10-05T14:02:56+00:00","breadcrumb":{"@id":"https:\/\/advent.wernli.ch\/fr\/teilnahmebedingungen\/#breadcrumb"},"inLanguage":"fr-FR","potentialAction":[{"@type":"ReadAction","target":[["https:\/\/advent.wernli.ch\/fr\/teilnahmebedingungen\/"]]}]},{"@type":"BreadcrumbList","@id":"https:\/\/advent.wernli.ch\/fr\/teilnahmebedingungen\/#breadcrumb","itemListElement":[{"@type":"ListItem","position":1,"name":"Teilnahmebedingungen"}]},{"@type":"WebSite","@id":"https:\/\/advent.wernli.ch\/fr\/#website","url":"https:\/\/advent.wernli.ch\/fr\/","name":"","description":"","potentialAction":[{"@type":"SearchAction","target":{"@type":"EntryPoint","urlTemplate":"https:\/\/advent.wernli.ch\/fr\/?s={search_term_string}"},"query-input":"required name=search_term_string"}],"inLanguage":"fr-FR"}]}},"_links":{"self":[{"href":"https:\/\/advent.wernli.ch\/fr\/wp-json\/wp\/v2\/pages\/146"}],"collection":[{"href":"https:\/\/advent.wernli.ch\/fr\/wp-json\/wp\/v2\/pages"}],"about":[{"href":"https:\/\/advent.wernli.ch\/fr\/wp-json\/wp\/v2\/types\/page"}],"author":[{"embeddable":true,"href":"https:\/\/advent.wernli.ch\/fr\/wp-json\/wp\/v2\/users\/2"}],"replies":[{"embeddable":true,"href":"https:\/\/advent.wernli.ch\/fr\/wp-json\/wp\/v2\/comments?post=146"}],"version-history":[{"count":11,"href":"https:\/\/advent.wernli.ch\/fr\/wp-json\/wp\/v2\/pages\/146\/revisions"}],"predecessor-version":[{"id":276,"href":"https:\/\/advent.wernli.ch\/fr\/wp-json\/wp\/v2\/pages\/146\/revisions\/276"}],"wp:attachment":[{"href":"https:\/\/advent.wernli.ch\/fr\/wp-json\/wp\/v2\/media?parent=146"}],"curies":[{"name":"wp","href":"https:\/\/api.w.org\/{rel}","templated":true}]}}