{"id":9,"date":"2019-11-11T09:58:02","date_gmt":"2019-11-11T08:58:02","guid":{"rendered":"https:\/\/advent.wernli.ch\/?page_id=9"},"modified":"2022-11-24T08:51:55","modified_gmt":"2022-11-24T07:51:55","slug":"landing","status":"publish","type":"page","link":"https:\/\/advent.wernli.ch\/de\/","title":{"rendered":"Landing"},"content":{"rendered":"<p>Hello<\/p>\n","protected":false},"excerpt":{"rendered":"<p>Hello<\/p>\n","protected":false},"author":1,"featured_media":0,"parent":0,"menu_order":0,"comment_status":"open","ping_status":"closed","template":"templates\/landing.php","meta":[],"acf":{"form_firstname":"Dein Vorname (\u00f6ffentlich)","form_email":"Deine E-Mail (nicht \u00f6ffentlich)","follow":"Ab dem 1. Dezember kannst du unsere Adventstour hier verfolgen:","date":{"before":"Noch","datum":"2022-10-31 00:00:00","nachher":"Tage","letzter_tag":"Bald geht\u2019s los!"},"about_intro":"Wernli reist in der Adventszeit quer durch die Schweiz \u2013\u00a0und beschenkt die Leute dort, wo sie sich zu Hause f\u00fchlen.","about_more":"Vorschlag einreichen","title":"Wernli Adventstour 2022","proposal_from":"von","impressum":"Impressum","datenschutz":"Datenschutz","formular_zeichen":"Zeichen","impressum_link":"https:\/\/www.wernli.ch\/de\/special_pages\/impressum_nutzungsbedingungen\/","kontakt":"Kontakt","kontakt_link":"","agb":"Teilnahmebedingungen","agb_link":"\/teilnahmebedingungen\/","form_gemeinde":"Warum m\u00fcssen wir in diese Gemeinde?","countdown_gewinner":"Die Gewinner-Gemeinden<br>stehen fest!","likes_filter":"Nach Likes sortieren","alphabetisch_filter":"Alphabetisch sortieren","in_kurze":"Die finalen Termine und Gemeinden f\u00fcr unsere Adventstour 2022 werden in K\u00fcrze bekannt gegeben. Folge uns auf Social Media, um \u00fcber alles informiert zu bleiben:","tour_anstehend":"Anstehende Tour-Daten","tour_vergangen":"Vergangene Tour-Daten","tour_titel":"Danke,","lightbox":{"titel":"Dein Vorschlag","subline":"In welcher Gemeinde m\u00fcssen wir einen Zwischenhalt einlegen?","gemeinde":"Gemeinde","bereits_nominiert":"bereits nominiert","agbs":"AGBs","bestatigen":"best\u00e4tigen","vorschlag_einreichen":"Vorschlag einreichen","herzlichen_dank":"Herzlichen Dank!","danke_text":"Dein Vorschlag ist bei uns eingegangen.<br>Mit dem Code <span class=\"text_red\">Wernli2022Adventstour<\/span> erh\u00e4ltst du CHF 3.\u2013. Rabatt in unserem Online-Shop f\u00fcr eine individuelle \u00abMein Design\u00bb Weihnachtsbox - deinem perfekten Weihnachtsgeschenk!","zum_shop":"Zum Shop"},"eigenen_vorschlag_einreichen":"Eigenen Vorschlag einreichen","karte_anzeigen":"Karte anzeigen"},"yoast_head":"<!-- This site is optimized with the Yoast SEO plugin v19.7.2 - https:\/\/yoast.com\/wordpress\/plugins\/seo\/ -->\n<title>Die Wernli-Adventstour des Teilens<\/title>\n<meta name=\"description\" content=\"Wernli reist in der Adventszeit quer durch die Schweiz \u2013 und beschenkt die Leute dort, wo sie sich zu Hause f\u00fchlen. Jetzt Vorschlag einreichen!\" \/>\n<meta name=\"robots\" content=\"index, follow, max-snippet:-1, max-image-preview:large, max-video-preview:-1\" \/>\n<link rel=\"canonical\" href=\"https:\/\/advent.wernli.ch\/de\/\" \/>\n<meta property=\"og:locale\" content=\"de_DE\" \/>\n<meta property=\"og:type\" content=\"article\" \/>\n<meta property=\"og:title\" content=\"Die Wernli-Adventstour des Teilens\" \/>\n<meta property=\"og:description\" content=\"Wernli reist in der Adventszeit quer durch die Schweiz \u2013 und beschenkt die Leute dort, wo sie sich zu Hause f\u00fchlen. Jetzt Vorschlag einreichen!\" \/>\n<meta property=\"og:url\" content=\"https:\/\/advent.wernli.ch\/de\/\" \/>\n<meta property=\"article:publisher\" content=\"https:\/\/de-de.facebook.com\/wernlibiscuits\/\" \/>\n<meta property=\"article:modified_time\" content=\"2022-11-24T07:51:55+00:00\" \/>\n<meta name=\"twitter:card\" content=\"summary_large_image\" \/>\n<meta name=\"twitter:label1\" content=\"Gesch\u00e4tzte Lesezeit\" \/>\n\t<meta name=\"twitter:data1\" content=\"1\u00a0Minute\" \/>\n<script type=\"application\/ld+json\" class=\"yoast-schema-graph\">{\"@context\":\"https:\/\/schema.org\",\"@graph\":[{\"@type\":\"WebPage\",\"@id\":\"https:\/\/advent.wernli.ch\/de\/\",\"url\":\"https:\/\/advent.wernli.ch\/de\/\",\"name\":\"Die Wernli-Adventstour des Teilens\",\"isPartOf\":{\"@id\":\"https:\/\/advent.wernli.ch\/de\/#website\"},\"datePublished\":\"2019-11-11T08:58:02+00:00\",\"dateModified\":\"2022-11-24T07:51:55+00:00\",\"description\":\"Wernli reist in der Adventszeit quer durch die Schweiz \u2013 und beschenkt die Leute dort, wo sie sich zu Hause f\u00fchlen. Jetzt Vorschlag einreichen!\",\"breadcrumb\":{\"@id\":\"https:\/\/advent.wernli.ch\/de\/#breadcrumb\"},\"inLanguage\":\"de\",\"potentialAction\":[{\"@type\":\"ReadAction\",\"target\":[[\"https:\/\/advent.wernli.ch\/de\/\"]]}]},{\"@type\":\"BreadcrumbList\",\"@id\":\"https:\/\/advent.wernli.ch\/de\/#breadcrumb\",\"itemListElement\":[{\"@type\":\"ListItem\",\"position\":1,\"name\":\"Landing\"}]},{\"@type\":\"WebSite\",\"@id\":\"https:\/\/advent.wernli.ch\/de\/#website\",\"url\":\"https:\/\/advent.wernli.ch\/de\/\",\"name\":\"\",\"description\":\"\",\"potentialAction\":[{\"@type\":\"SearchAction\",\"target\":{\"@type\":\"EntryPoint\",\"urlTemplate\":\"https:\/\/advent.wernli.ch\/de\/?s={search_term_string}\"},\"query-input\":\"required name=search_term_string\"}],\"inLanguage\":\"de\"}]}<\/script>\n<!-- \/ Yoast SEO plugin. -->","yoast_head_json":{"title":"Die Wernli-Adventstour des Teilens","description":"Wernli reist in der Adventszeit quer durch die Schweiz \u2013 und beschenkt die Leute dort, wo sie sich zu Hause f\u00fchlen. Jetzt Vorschlag einreichen!","robots":{"index":"index","follow":"follow","max-snippet":"max-snippet:-1","max-image-preview":"max-image-preview:large","max-video-preview":"max-video-preview:-1"},"canonical":"https:\/\/advent.wernli.ch\/de\/","og_locale":"de_DE","og_type":"article","og_title":"Die Wernli-Adventstour des Teilens","og_description":"Wernli reist in der Adventszeit quer durch die Schweiz \u2013 und beschenkt die Leute dort, wo sie sich zu Hause f\u00fchlen. Jetzt Vorschlag einreichen!","og_url":"https:\/\/advent.wernli.ch\/de\/","article_publisher":"https:\/\/de-de.facebook.com\/wernlibiscuits\/","article_modified_time":"2022-11-24T07:51:55+00:00","twitter_card":"summary_large_image","twitter_misc":{"Gesch\u00e4tzte Lesezeit":"1\u00a0Minute"},"schema":{"@context":"https:\/\/schema.org","@graph":[{"@type":"WebPage","@id":"https:\/\/advent.wernli.ch\/de\/","url":"https:\/\/advent.wernli.ch\/de\/","name":"Die Wernli-Adventstour des Teilens","isPartOf":{"@id":"https:\/\/advent.wernli.ch\/de\/#website"},"datePublished":"2019-11-11T08:58:02+00:00","dateModified":"2022-11-24T07:51:55+00:00","description":"Wernli reist in der Adventszeit quer durch die Schweiz \u2013 und beschenkt die Leute dort, wo sie sich zu Hause f\u00fchlen. Jetzt Vorschlag einreichen!","breadcrumb":{"@id":"https:\/\/advent.wernli.ch\/de\/#breadcrumb"},"inLanguage":"de","potentialAction":[{"@type":"ReadAction","target":[["https:\/\/advent.wernli.ch\/de\/"]]}]},{"@type":"BreadcrumbList","@id":"https:\/\/advent.wernli.ch\/de\/#breadcrumb","itemListElement":[{"@type":"ListItem","position":1,"name":"Landing"}]},{"@type":"WebSite","@id":"https:\/\/advent.wernli.ch\/de\/#website","url":"https:\/\/advent.wernli.ch\/de\/","name":"","description":"","potentialAction":[{"@type":"SearchAction","target":{"@type":"EntryPoint","urlTemplate":"https:\/\/advent.wernli.ch\/de\/?s={search_term_string}"},"query-input":"required name=search_term_string"}],"inLanguage":"de"}]}},"_links":{"self":[{"href":"https:\/\/advent.wernli.ch\/de\/wp-json\/wp\/v2\/pages\/9"}],"collection":[{"href":"https:\/\/advent.wernli.ch\/de\/wp-json\/wp\/v2\/pages"}],"about":[{"href":"https:\/\/advent.wernli.ch\/de\/wp-json\/wp\/v2\/types\/page"}],"author":[{"embeddable":true,"href":"https:\/\/advent.wernli.ch\/de\/wp-json\/wp\/v2\/users\/1"}],"replies":[{"embeddable":true,"href":"https:\/\/advent.wernli.ch\/de\/wp-json\/wp\/v2\/comments?post=9"}],"version-history":[{"count":105,"href":"https:\/\/advent.wernli.ch\/de\/wp-json\/wp\/v2\/pages\/9\/revisions"}],"predecessor-version":[{"id":337,"href":"https:\/\/advent.wernli.ch\/de\/wp-json\/wp\/v2\/pages\/9\/revisions\/337"}],"wp:attachment":[{"href":"https:\/\/advent.wernli.ch\/de\/wp-json\/wp\/v2\/media?parent=9"}],"curies":[{"name":"wp","href":"https:\/\/api.w.org\/{rel}","templated":true}]}}