{"id":146,"date":"2020-11-05T11:24:16","date_gmt":"2020-11-05T10:24:16","guid":{"rendered":"https:\/\/advent.wernli.ch\/?page_id=146"},"modified":"2022-10-05T16:02:56","modified_gmt":"2022-10-05T14:02:56","slug":"teilnahmebedingungen","status":"publish","type":"page","link":"https:\/\/advent.wernli.ch\/de\/teilnahmebedingungen\/","title":{"rendered":"Teilnahmebedingungen"},"content":{"rendered":"<p><\/p>\n<h1>Teilnahmebedingungen<\/h1>\n<h3>Promo \u00abWernli Adventstour 2022\u00bb<\/h3>\n<p>Wernli m\u00f6chte mit der \u00abWernli Adventstour 2022\u00bb die Leute dort beschenken, wo sie sich zu Hause f\u00fchlen. Auf den Social Media Kan\u00e4len ruft Wernli dazu auf, Ortsvorschl\u00e4ge auf einer Micropage einzureichen, an denen Wernli im Verlauf des Dezembers Samplings durchf\u00fchren soll. Wernli sucht unter den Vorschl\u00e4gen jene Orte aus, an denen ein Sampling realisierbar ist und publiziert nach einer Organisationsphase auf der Micropage den \u00abTourenplan\u00bb.<br \/>\nDie Teilnahme an der Promotion erfolgt \u00fcber die Seite <a href=\"https:\/\/24.wernli.ch\">24.wernli.ch<\/a>.<\/p>\n<p>Eingabefrist ist der 31. Oktober 2022 um 24 Uhr (MEZ). Die HUG AG beh\u00e4lt sich vor, den Tourenplan nach Durchf\u00fchrbarkeit und Genehmigungen der Samplingbewilligungen zu gestalten. Der Like-Button kann w\u00e4hrend der Organisationsphase als Indikator hinzugezogen werden, ist jedoch nicht entscheidend f\u00fcr die Auswahl der Gemeinden. Es besteht kein Kaufzwang, die Teilnahme ist kostenlos. Mehrfachteilnahmen mit unterschiedlichen Gemeinden sind erlaubt. Jeder Vorschlag kann jedoch maximal einmal gewinnen. \u00dcber die Teilnahme wird keine Korrespondenz gef\u00fchrt. Der Rechtsweg ist ausgeschlossen.<\/p>\n<p>Die Teilnehmenden stellen die HUG AG vor allf\u00e4lligen Anspr\u00fcchen frei. Die eingegebenen Daten werden ausschliesslich f\u00fcr die Abwicklung der Promotion und allf\u00e4llige R\u00fcckfragen verwendet und nicht an Dritte weitergeleitet oder anderweitig bearbeitet.<\/p>\n<p>Vorschl\u00e4ge mit unsittlichen, pornographischen, politischen, rassistischen, religi\u00f6sen oder anderweitig anst\u00f6ssigen Inhalten sind nicht erlaubt und von der Teilnahme ausgeschlossen. Ebenso Beitr\u00e4ge mit dem Verdacht, dass sie die Rechte Dritter verletzen. Die HUG AG beh\u00e4lt sich vor, Eintr\u00e4ge auf der \u00abAdventstour\u00bb-Seite vor der Ver\u00f6ffentlichung zu screenen oder nach Ver\u00f6ffentlichung ohne Mitteilung und Begr\u00fcndung zu l\u00f6schen, falls diese Eintr\u00e4ge verdachtsweise gegen die Teilnahmebedingungen verstossen.<\/p>\n<p>Die HUG AG beh\u00e4lt sich das Recht vor, bei Verstoss gegebenenfalls rechtliche Schritte einzuleiten. Die Haftung der HUG AG f\u00fcr den Ausfall oder die Absage des Samplings ist ausgeschlossen. Die HUG AG beh\u00e4lt sich das Recht vor, Teilnehmer beim Verdacht von falschen Angaben, Manipulationen oder der Verwendung unlauterer Hilfsmittel ohne Mitteilung und Begr\u00fcndung von der Promotion auszuschliessen.<\/p>\n<p>Diese Promotion steht in keiner Verbindung zu Facebook und wird in keiner Weise von Facebook gesponsert, unterst\u00fctzt oder organisiert. F\u00fcr keinen der im Rahmen dieser Aktion ver\u00f6ffentlichten Inhalte ist Facebook verantwortlich. Der Empf\u00e4nger der vom Teilnehmer bereitgestellten Informationen ist nicht Facebook, sondern der Promotionsveranstalter. Die Teilnehmer stellen Facebook von jeglichen Anspr\u00fcchen im Zusammenhang mit dieser Promotion frei.<\/p>\n<p>S\u00e4mtliche Fragen, Kommentare oder Beschwerden zur Aktion sind an die HUG AG unter <a href=\"mailto:info@wernli.ch\">info@wernli.ch<\/a> zu richten.<\/p>\n<p>Die HUG AG beh\u00e4lt sich das Recht vor, die Teilnahmebedingungen jederzeit zu \u00e4ndern oder die Promotion aus wichtigen Gr\u00fcnden abzubrechen. Ein Abbruch aus wichtigem Grund kann insbesondere dann erfolgen, wenn eine ordnungsgem\u00e4sse Durchf\u00fchrung der Promotion aus technischen oder rechtlichen Gr\u00fcnden nicht mehr gew\u00e4hrleistet werden kann. Gerichtsstand ist Malters. Es gilt das Schweizer Recht.<\/p>\n<p>Malters, 5. Oktober 2022<\/p>","protected":false},"excerpt":{"rendered":"<p>Teilnahmebedingungen Promo \u00abWernli Adventstour 2022\u00bb Wernli m\u00f6chte mit der \u00abWernli Adventstour 2022\u00bb die Leute dort beschenken, wo sie sich zu Hause f\u00fchlen. Auf den Social Media Kan\u00e4len ruft Wernli dazu auf, Ortsvorschl\u00e4ge auf einer Micropage einzureichen, an denen Wernli im Verlauf des Dezembers Samplings durchf\u00fchren soll. Wernli sucht unter den Vorschl\u00e4gen jene Orte aus, an [&hellip;]<\/p>\n","protected":false},"author":2,"featured_media":0,"parent":0,"menu_order":0,"comment_status":"closed","ping_status":"closed","template":"","meta":[],"acf":false,"yoast_head":"<!-- This site is optimized with the Yoast SEO plugin v19.7.2 - https:\/\/yoast.com\/wordpress\/plugins\/seo\/ -->\n<title>Teilnahmebedingungen -<\/title>\n<meta name=\"robots\" content=\"noindex, nofollow\" \/>\n<meta property=\"og:locale\" content=\"de_DE\" \/>\n<meta property=\"og:type\" content=\"article\" \/>\n<meta property=\"og:title\" content=\"Teilnahmebedingungen -\" \/>\n<meta property=\"og:description\" content=\"Teilnahmebedingungen Promo \u00abWernli Adventstour 2022\u00bb Wernli m\u00f6chte mit der \u00abWernli Adventstour 2022\u00bb die Leute dort beschenken, wo sie sich zu Hause f\u00fchlen. Auf den Social Media Kan\u00e4len ruft Wernli dazu auf, Ortsvorschl\u00e4ge auf einer Micropage einzureichen, an denen Wernli im Verlauf des Dezembers Samplings durchf\u00fchren soll. Wernli sucht unter den Vorschl\u00e4gen jene Orte aus, an [&hellip;]\" \/>\n<meta property=\"og:url\" content=\"https:\/\/advent.wernli.ch\/de\/teilnahmebedingungen\/\" \/>\n<meta property=\"article:publisher\" content=\"https:\/\/de-de.facebook.com\/wernlibiscuits\/\" \/>\n<meta property=\"article:modified_time\" content=\"2022-10-05T14:02:56+00:00\" \/>\n<meta name=\"twitter:card\" content=\"summary_large_image\" \/>\n<meta name=\"twitter:label1\" content=\"Gesch\u00e4tzte Lesezeit\" \/>\n\t<meta name=\"twitter:data1\" content=\"3\u00a0Minuten\" \/>\n<script type=\"application\/ld+json\" class=\"yoast-schema-graph\">{\"@context\":\"https:\/\/schema.org\",\"@graph\":[{\"@type\":\"WebPage\",\"@id\":\"https:\/\/advent.wernli.ch\/de\/teilnahmebedingungen\/\",\"url\":\"https:\/\/advent.wernli.ch\/de\/teilnahmebedingungen\/\",\"name\":\"Teilnahmebedingungen -\",\"isPartOf\":{\"@id\":\"https:\/\/advent.wernli.ch\/de\/#website\"},\"datePublished\":\"2020-11-05T10:24:16+00:00\",\"dateModified\":\"2022-10-05T14:02:56+00:00\",\"breadcrumb\":{\"@id\":\"https:\/\/advent.wernli.ch\/de\/teilnahmebedingungen\/#breadcrumb\"},\"inLanguage\":\"de\",\"potentialAction\":[{\"@type\":\"ReadAction\",\"target\":[[\"https:\/\/advent.wernli.ch\/de\/teilnahmebedingungen\/\"]]}]},{\"@type\":\"BreadcrumbList\",\"@id\":\"https:\/\/advent.wernli.ch\/de\/teilnahmebedingungen\/#breadcrumb\",\"itemListElement\":[{\"@type\":\"ListItem\",\"position\":1,\"name\":\"Teilnahmebedingungen\"}]},{\"@type\":\"WebSite\",\"@id\":\"https:\/\/advent.wernli.ch\/de\/#website\",\"url\":\"https:\/\/advent.wernli.ch\/de\/\",\"name\":\"\",\"description\":\"\",\"potentialAction\":[{\"@type\":\"SearchAction\",\"target\":{\"@type\":\"EntryPoint\",\"urlTemplate\":\"https:\/\/advent.wernli.ch\/de\/?s={search_term_string}\"},\"query-input\":\"required name=search_term_string\"}],\"inLanguage\":\"de\"}]}<\/script>\n<!-- \/ Yoast SEO plugin. -->","yoast_head_json":{"title":"Teilnahmebedingungen -","robots":{"index":"noindex","follow":"nofollow"},"og_locale":"de_DE","og_type":"article","og_title":"Teilnahmebedingungen -","og_description":"Teilnahmebedingungen Promo \u00abWernli Adventstour 2022\u00bb Wernli m\u00f6chte mit der \u00abWernli Adventstour 2022\u00bb die Leute dort beschenken, wo sie sich zu Hause f\u00fchlen. Auf den Social Media Kan\u00e4len ruft Wernli dazu auf, Ortsvorschl\u00e4ge auf einer Micropage einzureichen, an denen Wernli im Verlauf des Dezembers Samplings durchf\u00fchren soll. Wernli sucht unter den Vorschl\u00e4gen jene Orte aus, an [&hellip;]","og_url":"https:\/\/advent.wernli.ch\/de\/teilnahmebedingungen\/","article_publisher":"https:\/\/de-de.facebook.com\/wernlibiscuits\/","article_modified_time":"2022-10-05T14:02:56+00:00","twitter_card":"summary_large_image","twitter_misc":{"Gesch\u00e4tzte Lesezeit":"3\u00a0Minuten"},"schema":{"@context":"https:\/\/schema.org","@graph":[{"@type":"WebPage","@id":"https:\/\/advent.wernli.ch\/de\/teilnahmebedingungen\/","url":"https:\/\/advent.wernli.ch\/de\/teilnahmebedingungen\/","name":"Teilnahmebedingungen -","isPartOf":{"@id":"https:\/\/advent.wernli.ch\/de\/#website"},"datePublished":"2020-11-05T10:24:16+00:00","dateModified":"2022-10-05T14:02:56+00:00","breadcrumb":{"@id":"https:\/\/advent.wernli.ch\/de\/teilnahmebedingungen\/#breadcrumb"},"inLanguage":"de","potentialAction":[{"@type":"ReadAction","target":[["https:\/\/advent.wernli.ch\/de\/teilnahmebedingungen\/"]]}]},{"@type":"BreadcrumbList","@id":"https:\/\/advent.wernli.ch\/de\/teilnahmebedingungen\/#breadcrumb","itemListElement":[{"@type":"ListItem","position":1,"name":"Teilnahmebedingungen"}]},{"@type":"WebSite","@id":"https:\/\/advent.wernli.ch\/de\/#website","url":"https:\/\/advent.wernli.ch\/de\/","name":"","description":"","potentialAction":[{"@type":"SearchAction","target":{"@type":"EntryPoint","urlTemplate":"https:\/\/advent.wernli.ch\/de\/?s={search_term_string}"},"query-input":"required name=search_term_string"}],"inLanguage":"de"}]}},"_links":{"self":[{"href":"https:\/\/advent.wernli.ch\/de\/wp-json\/wp\/v2\/pages\/146"}],"collection":[{"href":"https:\/\/advent.wernli.ch\/de\/wp-json\/wp\/v2\/pages"}],"about":[{"href":"https:\/\/advent.wernli.ch\/de\/wp-json\/wp\/v2\/types\/page"}],"author":[{"embeddable":true,"href":"https:\/\/advent.wernli.ch\/de\/wp-json\/wp\/v2\/users\/2"}],"replies":[{"embeddable":true,"href":"https:\/\/advent.wernli.ch\/de\/wp-json\/wp\/v2\/comments?post=146"}],"version-history":[{"count":11,"href":"https:\/\/advent.wernli.ch\/de\/wp-json\/wp\/v2\/pages\/146\/revisions"}],"predecessor-version":[{"id":276,"href":"https:\/\/advent.wernli.ch\/de\/wp-json\/wp\/v2\/pages\/146\/revisions\/276"}],"wp:attachment":[{"href":"https:\/\/advent.wernli.ch\/de\/wp-json\/wp\/v2\/media?parent=146"}],"curies":[{"name":"wp","href":"https:\/\/api.w.org\/{rel}","templated":true}]}}